{"id":302,"date":"2015-12-19T21:15:55","date_gmt":"2015-12-19T20:15:55","guid":{"rendered":"http:\/\/classic-motorcycles-belgium.be\/?page_id=302"},"modified":"2019-03-04T07:03:18","modified_gmt":"2019-03-04T06:03:18","slug":"revues-2013","status":"publish","type":"page","link":"http:\/\/classic-motorcycles-belgium.be\/?page_id=302","title":{"rendered":"Revues 2013"},"content":{"rendered":"<table style=\"width: 800px;\" border=\"0\" cellspacing=\"3\" cellpadding=\"3\" align=\"center\">\n<tbody>\n<tr>\n<td style=\"width: 250px;\">F\u00e9vrier &#8211; <a href=\"http:\/\/classic-motorcycles-belgium.be\/wp-content\/uploads\/Mag322.pdf\">Mag 322<\/a><\/p>\n<p>Mars &#8211; <a href=\"http:\/\/classic-motorcycles-belgium.be\/wp-content\/uploads\/Mag323.pdf\">Mag 323<\/a><\/p>\n<p>Avril &#8211; <a href=\"http:\/\/classic-motorcycles-belgium.be\/wp-content\/uploads\/Mag324.pdf\">Mag 324<\/a><\/p>\n<p>Mai &#8211; <a href=\"http:\/\/classic-motorcycles-belgium.be\/wp-content\/uploads\/Mag325.pdf\">Mag 325<\/a><\/p>\n<p>Juin &#8211; <a href=\"http:\/\/classic-motorcycles-belgium.be\/wp-content\/uploads\/Mag326.pdf\">Mag 326<\/a><\/p>\n<p>Ao\u00fbt &#8211; <a href=\"http:\/\/classic-motorcycles-belgium.be\/wp-content\/uploads\/Mag327.pdf\">Mag 327<\/a><\/p>\n<p>Septembre &#8211; <a href=\"http:\/\/classic-motorcycles-belgium.be\/wp-content\/uploads\/Mag328.pdf\">Mag 328<\/a><\/p>\n<p>Octobre &#8211; <a href=\"http:\/\/classic-motorcycles-belgium.be\/wp-content\/uploads\/Mag329.pdf\">Mag 329<\/a><\/p>\n<p>Novembre &#8211; <a href=\"http:\/\/classic-motorcycles-belgium.be\/wp-content\/uploads\/Mag330.pdf\">Mag 330<\/a><\/p>\n<p>D\u00e9cembre &#8211; <a href=\"http:\/\/classic-motorcycles-belgium.be\/wp-content\/uploads\/Mag331.pdf\">Mag 331<\/a><\/td>\n<td><a href=\"http:\/\/classic-motorcycles-belgium.be\/wp-content\/uploads\/Mag.png\"><img class=\"alignright size-full wp-image-161\" src=\"http:\/\/classic-motorcycles-belgium.be\/wp-content\/uploads\/Mag.png\" alt=\"Mag\" width=\"400\" srcset=\"http:\/\/classic-motorcycles-belgium.be\/wp-content\/uploads\/Mag.png 500w, http:\/\/classic-motorcycles-belgium.be\/wp-content\/uploads\/Mag-286x300.png 286w\" sizes=\"(max-width: 500px) 100vw, 500px\" \/><\/a><\/td>\n<\/tr>\n<\/tbody>\n<\/table>\n<p>&nbsp;<\/p>\n","protected":false},"excerpt":{"rendered":"<p>F\u00e9vrier &#8211; Mag 322 Mars &#8211; Mag 323 Avril &#8211; Mag 324 Mai &#8211; Mag 325 Juin &#8211; Mag 326 Ao\u00fbt &#8211; Mag 327 Septembre &#8211; Mag 328 Octobre &#8211; Mag 329 Novembre &#8211; Mag 330 D\u00e9cembre &#8211; Mag 331 &nbsp;<\/p>\n","protected":false},"author":4,"featured_media":0,"parent":154,"menu_order":0,"comment_status":"closed","ping_status":"closed","template":"","meta":[],"_links":{"self":[{"href":"http:\/\/classic-motorcycles-belgium.be\/index.php?rest_route=\/wp\/v2\/pages\/302"}],"collection":[{"href":"http:\/\/classic-motorcycles-belgium.be\/index.php?rest_route=\/wp\/v2\/pages"}],"about":[{"href":"http:\/\/classic-motorcycles-belgium.be\/index.php?rest_route=\/wp\/v2\/types\/page"}],"author":[{"embeddable":true,"href":"http:\/\/classic-motorcycles-belgium.be\/index.php?rest_route=\/wp\/v2\/users\/4"}],"replies":[{"embeddable":true,"href":"http:\/\/classic-motorcycles-belgium.be\/index.php?rest_route=%2Fwp%2Fv2%2Fcomments&post=302"}],"version-history":[{"count":5,"href":"http:\/\/classic-motorcycles-belgium.be\/index.php?rest_route=\/wp\/v2\/pages\/302\/revisions"}],"predecessor-version":[{"id":573,"href":"http:\/\/classic-motorcycles-belgium.be\/index.php?rest_route=\/wp\/v2\/pages\/302\/revisions\/573"}],"up":[{"embeddable":true,"href":"http:\/\/classic-motorcycles-belgium.be\/index.php?rest_route=\/wp\/v2\/pages\/154"}],"wp:attachment":[{"href":"http:\/\/classic-motorcycles-belgium.be\/index.php?rest_route=%2Fwp%2Fv2%2Fmedia&parent=302"}],"curies":[{"name":"wp","href":"https:\/\/api.w.org\/{rel}","templated":true}]}}