{"id":320,"date":"2015-12-20T08:45:38","date_gmt":"2015-12-20T07:45:38","guid":{"rendered":"http:\/\/classic-motorcycles-belgium.be\/?page_id=320"},"modified":"2019-03-04T07:04:12","modified_gmt":"2019-03-04T06:04:12","slug":"revues-2012","status":"publish","type":"page","link":"http:\/\/classic-motorcycles-belgium.be\/?page_id=320","title":{"rendered":"Revues 2012"},"content":{"rendered":"<table style=\"width: 800px;\" border=\"0\" cellspacing=\"3\" cellpadding=\"3\" align=\"center\">\n<tbody>\n<tr>\n<td style=\"width: 250px;\">F\u00e9vrier &#8211; <a href=\"http:\/\/classic-motorcycles-belgium.be\/wp-content\/uploads\/Mag312.pdf\">Mag 312<\/a><\/p>\n<p>Mars &#8211; <a href=\"http:\/\/classic-motorcycles-belgium.be\/wp-content\/uploads\/Mag313.pdf\">Mag 313<\/a><\/p>\n<p>Avril &#8211; <a href=\"http:\/\/classic-motorcycles-belgium.be\/wp-content\/uploads\/Mag314.pdf\">Mag 314<\/a><\/p>\n<p>Mai &#8211; <a href=\"http:\/\/classic-motorcycles-belgium.be\/wp-content\/uploads\/Mag315.pdf\">Mag 315<\/a><\/p>\n<p>Juin &#8211; <a href=\"http:\/\/classic-motorcycles-belgium.be\/wp-content\/uploads\/Mag316.pdf\">Mag 316<\/a><\/p>\n<p>Ao\u00fbt &#8211; <a href=\"http:\/\/classic-motorcycles-belgium.be\/wp-content\/uploads\/Mag317.pdf\">Mag 317<\/a><\/p>\n<p>Septembre &#8211; <a href=\"http:\/\/classic-motorcycles-belgium.be\/wp-content\/uploads\/Mag318.pdf\">Mag 318<\/a><\/p>\n<p>Octobre &#8211; <a href=\"http:\/\/classic-motorcycles-belgium.be\/wp-content\/uploads\/Mag319.pdf\">Mag 319<\/a><\/p>\n<p>Novembre &#8211; <a href=\"http:\/\/classic-motorcycles-belgium.be\/wp-content\/uploads\/Mag320.pdf\">Mag 320<\/a><\/p>\n<p>D\u00e9cembre &#8211; <a href=\"http:\/\/classic-motorcycles-belgium.be\/wp-content\/uploads\/Mag321.pdf\">Mag 321<\/a><\/td>\n<td><a href=\"http:\/\/classic-motorcycles-belgium.be\/wp-content\/uploads\/Mag.png\"><img class=\"alignright size-full wp-image-161\" src=\"http:\/\/classic-motorcycles-belgium.be\/wp-content\/uploads\/Mag.png\" alt=\"Mag\" width=\"400\" srcset=\"http:\/\/classic-motorcycles-belgium.be\/wp-content\/uploads\/Mag.png 500w, http:\/\/classic-motorcycles-belgium.be\/wp-content\/uploads\/Mag-286x300.png 286w\" sizes=\"(max-width: 500px) 100vw, 500px\" \/><\/a><\/td>\n<\/tr>\n<\/tbody>\n<\/table>\n<p>&nbsp;<\/p>\n","protected":false},"excerpt":{"rendered":"<p>F\u00e9vrier &#8211; Mag 312 Mars &#8211; Mag 313 Avril &#8211; Mag 314 Mai &#8211; Mag 315 Juin &#8211; Mag 316 Ao\u00fbt &#8211; Mag 317 Septembre &#8211; Mag 318 Octobre &#8211; Mag 319 Novembre &#8211; Mag 320 D\u00e9cembre &#8211; Mag 321 &nbsp;<\/p>\n","protected":false},"author":4,"featured_media":0,"parent":154,"menu_order":0,"comment_status":"closed","ping_status":"closed","template":"","meta":[],"_links":{"self":[{"href":"http:\/\/classic-motorcycles-belgium.be\/index.php?rest_route=\/wp\/v2\/pages\/320"}],"collection":[{"href":"http:\/\/classic-motorcycles-belgium.be\/index.php?rest_route=\/wp\/v2\/pages"}],"about":[{"href":"http:\/\/classic-motorcycles-belgium.be\/index.php?rest_route=\/wp\/v2\/types\/page"}],"author":[{"embeddable":true,"href":"http:\/\/classic-motorcycles-belgium.be\/index.php?rest_route=\/wp\/v2\/users\/4"}],"replies":[{"embeddable":true,"href":"http:\/\/classic-motorcycles-belgium.be\/index.php?rest_route=%2Fwp%2Fv2%2Fcomments&post=320"}],"version-history":[{"count":3,"href":"http:\/\/classic-motorcycles-belgium.be\/index.php?rest_route=\/wp\/v2\/pages\/320\/revisions"}],"predecessor-version":[{"id":574,"href":"http:\/\/classic-motorcycles-belgium.be\/index.php?rest_route=\/wp\/v2\/pages\/320\/revisions\/574"}],"up":[{"embeddable":true,"href":"http:\/\/classic-motorcycles-belgium.be\/index.php?rest_route=\/wp\/v2\/pages\/154"}],"wp:attachment":[{"href":"http:\/\/classic-motorcycles-belgium.be\/index.php?rest_route=%2Fwp%2Fv2%2Fmedia&parent=320"}],"curies":[{"name":"wp","href":"https:\/\/api.w.org\/{rel}","templated":true}]}}