{"id":570,"date":"2019-03-09T16:51:58","date_gmt":"2019-03-09T15:51:58","guid":{"rendered":"http:\/\/classic-motorcycles-belgium.be\/?page_id=570"},"modified":"2020-11-30T19:41:57","modified_gmt":"2020-11-30T18:41:57","slug":"revues-2019","status":"publish","type":"page","link":"http:\/\/classic-motorcycles-belgium.be\/?page_id=570","title":{"rendered":"Revues 2019"},"content":{"rendered":"<table style=\"width: 800px;\" border=\"0\" cellspacing=\"3\" cellpadding=\"3\" align=\"center\">\n<tbody>\n<tr>\n<td style=\"width: 250px;\">F\u00e9vrier &#8211; <a href=\"http:\/\/classic-motorcycles-belgium.be\/wp-content\/uploads\/Mag378.pdf\">Mag 378<\/a><\/p>\n<p>Mars &#8211; <a href=\"http:\/\/classic-motorcycles-belgium.be\/wp-content\/uploads\/Mag379.pdf\">Mag 379<\/a><br \/>\nAvril &#8211; <a href=\"http:\/\/classic-motorcycles-belgium.be\/wp-content\/uploads\/Mag380.pdf\">Mag 380<\/a><br \/>\nMai &#8211; <a href=\"http:\/\/classic-motorcycles-belgium.be\/wp-content\/uploads\/Mag381.pdf\">Mag 381<\/a><br \/>\nJuin &#8211; <a href=\"http:\/\/classic-motorcycles-belgium.be\/wp-content\/uploads\/Mag382.pdf\">Mag 382<\/a><br \/>\nAo\u00fbt &#8211; <a href=\"http:\/\/classic-motorcycles-belgium.be\/wp-content\/uploads\/Mag383.pdf\">Mag 383<\/a><br \/>\nSeptembre &#8211; <a href=\"http:\/\/classic-motorcycles-belgium.be\/wp-content\/uploads\/Mag384.pdf\">Mag 384<\/a><br \/>\nOctobre &#8211; <a href=\"http:\/\/classic-motorcycles-belgium.be\/wp-content\/uploads\/Mag385.pdf\">Mag 385<\/a><br \/>\nNovembre &#8211; <a href=\"http:\/\/classic-motorcycles-belgium.be\/wp-content\/uploads\/Mag386.pdf\">Mag 386<\/a><br \/>\nD\u00e9cembre &#8211; <a href=\"http:\/\/classic-motorcycles-belgium.be\/wp-content\/uploads\/Mag387.pdf\">Mag 387<\/a><\/p>\n<\/td>\n<td><a href=\"http:\/\/classic-motorcycles-belgium.be\/wp-content\/uploads\/Mag.png\"><img class=\"alignright size-full wp-image-161\" src=\"http:\/\/classic-motorcycles-belgium.be\/wp-content\/uploads\/Mag.png\" alt=\"Mag\" width=\"400\" srcset=\"http:\/\/classic-motorcycles-belgium.be\/wp-content\/uploads\/Mag.png 500w, http:\/\/classic-motorcycles-belgium.be\/wp-content\/uploads\/Mag-286x300.png 286w\" sizes=\"(max-width: 500px) 100vw, 500px\" \/><\/a><\/td>\n<\/tr>\n<\/tbody>\n<\/table>\n","protected":false},"excerpt":{"rendered":"<p>F\u00e9vrier &#8211; Mag 378 Mars &#8211; Mag 379 Avril &#8211; Mag 380 Mai &#8211; Mag 381 Juin &#8211; Mag 382 Ao\u00fbt &#8211; Mag 383 Septembre &#8211; Mag 384 Octobre &#8211; Mag 385 Novembre &#8211; Mag 386 D\u00e9cembre &#8211; Mag 387<\/p>\n","protected":false},"author":4,"featured_media":0,"parent":154,"menu_order":0,"comment_status":"closed","ping_status":"closed","template":"","meta":[],"_links":{"self":[{"href":"http:\/\/classic-motorcycles-belgium.be\/index.php?rest_route=\/wp\/v2\/pages\/570"}],"collection":[{"href":"http:\/\/classic-motorcycles-belgium.be\/index.php?rest_route=\/wp\/v2\/pages"}],"about":[{"href":"http:\/\/classic-motorcycles-belgium.be\/index.php?rest_route=\/wp\/v2\/types\/page"}],"author":[{"embeddable":true,"href":"http:\/\/classic-motorcycles-belgium.be\/index.php?rest_route=\/wp\/v2\/users\/4"}],"replies":[{"embeddable":true,"href":"http:\/\/classic-motorcycles-belgium.be\/index.php?rest_route=%2Fwp%2Fv2%2Fcomments&post=570"}],"version-history":[{"count":9,"href":"http:\/\/classic-motorcycles-belgium.be\/index.php?rest_route=\/wp\/v2\/pages\/570\/revisions"}],"predecessor-version":[{"id":620,"href":"http:\/\/classic-motorcycles-belgium.be\/index.php?rest_route=\/wp\/v2\/pages\/570\/revisions\/620"}],"up":[{"embeddable":true,"href":"http:\/\/classic-motorcycles-belgium.be\/index.php?rest_route=\/wp\/v2\/pages\/154"}],"wp:attachment":[{"href":"http:\/\/classic-motorcycles-belgium.be\/index.php?rest_route=%2Fwp%2Fv2%2Fmedia&parent=570"}],"curies":[{"name":"wp","href":"https:\/\/api.w.org\/{rel}","templated":true}]}}