{"id":193,"date":"2015-11-07T18:56:58","date_gmt":"2015-11-07T17:56:58","guid":{"rendered":"http:\/\/classic-motorcycles-belgium.be\/?page_id=193"},"modified":"2019-03-09T18:23:59","modified_gmt":"2019-03-09T17:23:59","slug":"accueil","status":"publish","type":"page","link":"https:\/\/classic-motorcycles-belgium.be\/","title":{"rendered":"Accueil"},"content":{"rendered":"<h2><strong><span style=\"color: #ff0000;\">Compte rendu de l\u2019Assembl\u00e9e G\u00e9n\u00e9rale du C.M.B. du dimanche 13 janvier 2019 \u00e0 la Caf\u00e9t\u00e9ria du Centre Sportif Verbrande Brug \u00e0 Grimbergen.<\/span><\/strong><\/h2>\n<p>L\u2019Assembl\u00e9e G\u00e9n\u00e9rale commence \u00e0 15.45 h par le mot de bienvenue du Pr\u00e9sident \u00e0 l\u2019intention des membres et invit\u00e9s pr\u00e9sents. Il signale que c\u2019est la derni\u00e8re Assembl\u00e9e G\u00e9n\u00e9rale qu\u2019il pr\u00e9side.<br \/>\nLes membres pr\u00e9sents sont une quarantaine.<br \/>\nLes membres excus\u00e9s sont : Henri et Michel Bovy, Eric Damanet, Michel Demol, Michel Desmet, Philippe Godin et Pierre Ghyselinck.<br \/>\nGuy Van Obbergen, Tr\u00e9sorier, fait rapport de sa gestion des finances du club.<br \/>\nLe bilan 2017 \u00e9tait de + 1456 \u20ac, certaines d\u00e9penses relatives \u00e0 l\u2019exercice 2017 ayant \u00e9t\u00e9 effectu\u00e9es en 2018 (frais li\u00e9s \u00e0 la revue et assurance RC). Le bilan 2018 est de -1222 \u20ac.<br \/>\nL\u2019encaisse \u00e9tait de 16154 \u20ac fin 2017 et 14933 \u20ac fin 2018.<br \/>\nLe maintien d\u2019un solde positif important est d\u00fb \u00e0 une gestion parcimonieuse de nos avoirs.<br \/>\nLes comptes sont approuv\u00e9s \u00e0 l\u2019unanimit\u00e9.<br \/>\nA l\u2019unanimit\u00e9, l\u2019AG donne d\u00e9charge aux membres du comit\u00e9.<br \/>\nA l\u2019unanimit\u00e9, le comit\u00e9 est reconduit pour un an, chacun conservant sa fonction actuelle, \u00e0 l\u2019exception de Paul Saint-Mard, d\u00e9missionnaire. R\u00e9pondant \u00e0 une question de J.P. Piron concernant l\u2019assurance club, Paul Saint-Mard signale qu\u2019un membre peut organiser une activit\u00e9 \u201csous les auspices du club\u201d mais qu\u2019il doit en informer pr\u00e9alablement le comit\u00e9 et respecter les conditions de l\u2019assurance.<br \/>\nPaul Saint-Mard pr\u00e9sente la candidature de Dany Faict \u00e0 la pr\u00e9sidence du club et rappelle que ce dernier est un tr\u00e8s ancien membre, qui, en son temps, avait d\u00e9j\u00e0 \u00e9t\u00e9 pr\u00e9sident.<br \/>\nLa candidature de Dany est approuv\u00e9e et applaudie \u00e0 l\u2019unanimit\u00e9.<br \/>\nPaul regrette l\u2019absence de femmes au comit\u00e9 mais tient \u00e0 remercier Marie-Henriette pour le travail accompli \u201cdans l\u2019ombre\u201d.<br \/>\nDany Faict, nouveau pr\u00e9sident, pr\u00e9sente son projet, essentiellement rajeunir et dynamiser le club qui a commenc\u00e9 avec une poign\u00e9e de personnes, pour se d\u00e9velopper et comporter jusqu\u2019\u00e0 400 membres, puis se stabiliser au nombre actuel d\u2019environ 150 membres.<br \/>\nA l\u2019origine, le club r\u00e9unissait des propri\u00e9taires de motos pr\u00e9-1965.<br \/>\nLa l\u00e9gislation sur les v\u00e9hicules anc\u00eatres a \u00e9volu\u00e9 et a \u00e9t\u00e9 r\u00e9gionalis\u00e9e. Il est important de d\u00e9fendre la moto ancienne et d\u2019\u00eatre repr\u00e9sent\u00e9s \u00e0 la FBVA afin de pouvoir continuer \u00e0 rouler partout avec nos anciennes.<br \/>\nA ce propos, il faudra pourvoir au remplacement de Philippe Godin en tant que repr\u00e9sentant du secteur moto \u00e0 la FBVA.<br \/>\nDany rappelle que nos engins sont faits pour rouler et regrette que, \u00e0 part lui, seul Yves Campion est venu \u00e0 moto.<br \/>\nIl fait un vibrant appel \u00e0 la participation et au soutien au comit\u00e9, et insiste pour qu\u2019on maintienne et d\u00e9veloppe de l\u2019activit\u00e9 dans le club.<br \/>\nPaul signale qu\u2019il restera toujours disponible comme soutien au nouveau pr\u00e9sident.<br \/>\nPlus personne n\u2019ayant de questions ou de remarques, la partie officielle de notre Assembl\u00e9e G\u00e9n\u00e9rale se termine \u00e0 16.15 heures. Suit une pr\u00e9sentation par Wouter Bollen et Yves No\u00ebl de leur \u00e9v\u00e9nement annuel Petrol Factory qui aura lieu cette ann\u00e9e le 16 juin \u00e0 Vilvoorde.<br \/>\nPour en savoir plus, voir www.dekruitfabriek.com<br \/>\nL\u2019\u00e9v\u00e9nement r\u00e9unit tous les v\u00e9hicules anciens \u00e0 essence et les organisateurs seraient heureux d\u2019accueillir le CMB avec quelques motos mises en exposition. Il y aura des motos custom, classiques et des mobylettes, mais aussi des vendeurs de miniatures ainsi que des stands de nourriture et boissons. Le fonctionnement est de type \u201cmeet and greet\u201d.<br \/>\nLa premi\u00e8re \u00e9dition a eu lieu en 2016 et mettait l\u2019accent sur le pass\u00e9 industriel de Vilvoorde (Renault, La Mondiale,\u2026). En 2019, Petrol Factory sera organis\u00e9 en collaboration avec l\u2019organisation locale \u201cSunday Morning Classics\u201d. Il y aura des d\u00e9monstrations s\u00e9curis\u00e9es de mise en route de motos classiques\u2026<br \/>\nLes traditionnelles cr\u00eapes sont d\u00e9gust\u00e9es et l\u2019apr\u00e8s-midi se poursuit dans une ambiance amicale.<\/p>\n","protected":false},"excerpt":{"rendered":"<p>Compte rendu de l\u2019Assembl\u00e9e G\u00e9n\u00e9rale du C.M.B. du dimanche 13 janvier 2019 \u00e0 la Caf\u00e9t\u00e9ria du Centre Sportif Verbrande Brug \u00e0 Grimbergen. L\u2019Assembl\u00e9e G\u00e9n\u00e9rale commence \u00e0 15.45 h par le mot de bienvenue du Pr\u00e9sident \u00e0 l\u2019intention des membres et invit\u00e9s pr\u00e9sents. Il signale que c\u2019est la derni\u00e8re Assembl\u00e9e G\u00e9n\u00e9rale qu\u2019il pr\u00e9side. Les membres pr\u00e9sents [&hellip;]<\/p>\n","protected":false},"author":4,"featured_media":0,"parent":0,"menu_order":1,"comment_status":"closed","ping_status":"closed","template":"","meta":[],"_links":{"self":[{"href":"https:\/\/classic-motorcycles-belgium.be\/index.php?rest_route=\/wp\/v2\/pages\/193"}],"collection":[{"href":"https:\/\/classic-motorcycles-belgium.be\/index.php?rest_route=\/wp\/v2\/pages"}],"about":[{"href":"https:\/\/classic-motorcycles-belgium.be\/index.php?rest_route=\/wp\/v2\/types\/page"}],"author":[{"embeddable":true,"href":"https:\/\/classic-motorcycles-belgium.be\/index.php?rest_route=\/wp\/v2\/users\/4"}],"replies":[{"embeddable":true,"href":"https:\/\/classic-motorcycles-belgium.be\/index.php?rest_route=%2Fwp%2Fv2%2Fcomments&post=193"}],"version-history":[{"count":21,"href":"https:\/\/classic-motorcycles-belgium.be\/index.php?rest_route=\/wp\/v2\/pages\/193\/revisions"}],"predecessor-version":[{"id":601,"href":"https:\/\/classic-motorcycles-belgium.be\/index.php?rest_route=\/wp\/v2\/pages\/193\/revisions\/601"}],"wp:attachment":[{"href":"https:\/\/classic-motorcycles-belgium.be\/index.php?rest_route=%2Fwp%2Fv2%2Fmedia&parent=193"}],"curies":[{"name":"wp","href":"https:\/\/api.w.org\/{rel}","templated":true}]}}