{"id":285,"date":"2015-12-19T21:09:56","date_gmt":"2015-12-19T20:09:56","guid":{"rendered":"http:\/\/classic-motorcycles-belgium.be\/?page_id=285"},"modified":"2019-03-04T07:02:27","modified_gmt":"2019-03-04T06:02:27","slug":"revues-2014","status":"publish","type":"page","link":"https:\/\/classic-motorcycles-belgium.be\/?page_id=285","title":{"rendered":"Revues 2014"},"content":{"rendered":"<table style=\"width: 800px;\" border=\"0\" cellspacing=\"3\" cellpadding=\"3\" align=\"center\">\n<tbody>\n<tr>\n<td style=\"width: 250px;\">F\u00e9vrier &#8211; <a href=\"http:\/\/classic-motorcycles-belgium.be\/wp-content\/uploads\/Mag332.pdf\">Mag 332<\/a><\/p>\n<p>Mars &#8211; <a href=\"http:\/\/classic-motorcycles-belgium.be\/wp-content\/uploads\/Mag333.pdf\">Mag 333<\/a><\/p>\n<p>Mai &#8211; <a href=\"http:\/\/classic-motorcycles-belgium.be\/wp-content\/uploads\/Mag334.pdf\">Mag 334<\/a><\/p>\n<p>Juin &#8211; <a href=\"http:\/\/classic-motorcycles-belgium.be\/wp-content\/uploads\/Mag335.pdf\">Mag 335<\/a><\/p>\n<p>Juillet &#8211; <a href=\"http:\/\/classic-motorcycles-belgium.be\/wp-content\/uploads\/Mag336.pdf\">Mag 336<\/a><\/p>\n<p>Ao\u00fbt &#8211; <a href=\"http:\/\/classic-motorcycles-belgium.be\/wp-content\/uploads\/Mag337.pdf\">Mag 337<\/a><\/p>\n<p>Septembre &#8211; <a href=\"http:\/\/classic-motorcycles-belgium.be\/wp-content\/uploads\/Mag338.pdf\">Mag 338<\/a><\/p>\n<p>Octobre &#8211; <a href=\"http:\/\/classic-motorcycles-belgium.be\/wp-content\/uploads\/Mag339.pdf\">Mag 339<\/a><\/p>\n<p>Novembre &#8211; <a href=\"http:\/\/classic-motorcycles-belgium.be\/wp-content\/uploads\/Mag340.pdf\">Mag 340<\/a><\/p>\n<p>D\u00e9cembre &#8211; <a href=\"http:\/\/classic-motorcycles-belgium.be\/wp-content\/uploads\/Mag341.pdf\">Mag 341<\/a><\/td>\n<td><a href=\"http:\/\/classic-motorcycles-belgium.be\/wp-content\/uploads\/Mag.png\"><img class=\"alignright size-full wp-image-161\" src=\"http:\/\/classic-motorcycles-belgium.be\/wp-content\/uploads\/Mag.png\" alt=\"Mag\" width=\"400\" srcset=\"https:\/\/classic-motorcycles-belgium.be\/wp-content\/uploads\/Mag.png 500w, https:\/\/classic-motorcycles-belgium.be\/wp-content\/uploads\/Mag-286x300.png 286w\" sizes=\"(max-width: 500px) 100vw, 500px\" \/><\/a><\/td>\n<\/tr>\n<\/tbody>\n<\/table>\n<p>&nbsp;<\/p>\n","protected":false},"excerpt":{"rendered":"<p>F\u00e9vrier &#8211; Mag 332 Mars &#8211; Mag 333 Mai &#8211; Mag 334 Juin &#8211; Mag 335 Juillet &#8211; Mag 336 Ao\u00fbt &#8211; Mag 337 Septembre &#8211; Mag 338 Octobre &#8211; Mag 339 Novembre &#8211; Mag 340 D\u00e9cembre &#8211; Mag 341 &nbsp;<\/p>\n","protected":false},"author":4,"featured_media":0,"parent":154,"menu_order":0,"comment_status":"closed","ping_status":"closed","template":"","meta":[],"_links":{"self":[{"href":"https:\/\/classic-motorcycles-belgium.be\/index.php?rest_route=\/wp\/v2\/pages\/285"}],"collection":[{"href":"https:\/\/classic-motorcycles-belgium.be\/index.php?rest_route=\/wp\/v2\/pages"}],"about":[{"href":"https:\/\/classic-motorcycles-belgium.be\/index.php?rest_route=\/wp\/v2\/types\/page"}],"author":[{"embeddable":true,"href":"https:\/\/classic-motorcycles-belgium.be\/index.php?rest_route=\/wp\/v2\/users\/4"}],"replies":[{"embeddable":true,"href":"https:\/\/classic-motorcycles-belgium.be\/index.php?rest_route=%2Fwp%2Fv2%2Fcomments&post=285"}],"version-history":[{"count":6,"href":"https:\/\/classic-motorcycles-belgium.be\/index.php?rest_route=\/wp\/v2\/pages\/285\/revisions"}],"predecessor-version":[{"id":572,"href":"https:\/\/classic-motorcycles-belgium.be\/index.php?rest_route=\/wp\/v2\/pages\/285\/revisions\/572"}],"up":[{"embeddable":true,"href":"https:\/\/classic-motorcycles-belgium.be\/index.php?rest_route=\/wp\/v2\/pages\/154"}],"wp:attachment":[{"href":"https:\/\/classic-motorcycles-belgium.be\/index.php?rest_route=%2Fwp%2Fv2%2Fmedia&parent=285"}],"curies":[{"name":"wp","href":"https:\/\/api.w.org\/{rel}","templated":true}]}}